{"id":49,"date":"2022-02-08T10:48:46","date_gmt":"2022-02-08T09:48:46","guid":{"rendered":"http:\/\/web35.server.inventmedia.de\/?page_id=49"},"modified":"2022-02-23T13:19:21","modified_gmt":"2022-02-23T12:19:21","slug":"impressum","status":"publish","type":"page","link":"https:\/\/mele.de\/rohrleitungsbau\/impressum\/","title":{"rendered":"Impressum"},"content":{"rendered":"\t\t<div data-elementor-type=\"wp-page\" data-elementor-id=\"49\" class=\"elementor elementor-49\" data-elementor-post-type=\"page\">\n\t\t\t\t\t\t<section class=\"elementor-section elementor-top-section elementor-element elementor-element-c593745 elementor-section-boxed elementor-section-height-default elementor-section-height-default\" data-id=\"c593745\" data-element_type=\"section\">\n\t\t\t\t\t\t<div class=\"elementor-container elementor-column-gap-default\">\n\t\t\t\t\t<div class=\"elementor-column elementor-col-100 elementor-top-column elementor-element elementor-element-69654c9\" data-id=\"69654c9\" data-element_type=\"column\" data-settings=\"{&quot;background_background&quot;:&quot;classic&quot;}\">\n\t\t\t<div class=\"elementor-widget-wrap elementor-element-populated\">\n\t\t\t\t\t\t<div class=\"elementor-element elementor-element-48688ed elementor-widget elementor-widget-html\" data-id=\"48688ed\" data-element_type=\"widget\" data-widget_type=\"html.default\">\n\t\t\t\t<div class=\"elementor-widget-container\">\n\t\t\t\t\t<script> \njQuery(document).ready(function($) { \nvar delay = 100; setTimeout(function() { \n$('.elementor-tab-title').removeClass('elementor-active');\n $('.elementor-tab-content').css('display', 'none'); }, delay); \n}); \n<\/script>\t\t\t\t<\/div>\n\t\t\t\t<\/div>\n\t\t\t\t<section class=\"elementor-section elementor-inner-section elementor-element elementor-element-26742d7 elementor-reverse-tablet elementor-reverse-mobile elementor-section-boxed elementor-section-height-default elementor-section-height-default\" data-id=\"26742d7\" data-element_type=\"section\">\n\t\t\t\t\t\t<div class=\"elementor-container elementor-column-gap-no\">\n\t\t\t\t\t<div class=\"elementor-column elementor-col-50 elementor-inner-column elementor-element elementor-element-d22e186\" data-id=\"d22e186\" data-element_type=\"column\">\n\t\t\t<div class=\"elementor-widget-wrap elementor-element-populated\">\n\t\t\t\t\t\t<div class=\"elementor-element elementor-element-2e234cb elementor-widget elementor-widget-text-editor\" data-id=\"2e234cb\" data-element_type=\"widget\" data-widget_type=\"text-editor.default\">\n\t\t\t\t<div class=\"elementor-widget-container\">\n\t\t\t\t\t\t\t\t\t<h3>Streitschlichtung<\/h3><p>Die Europ\u00e4ische Kommission stellt eine Plattform zur Online-Streitbeilegung (OS) bereit: <a href=\"https:\/\/ec.europa.eu\/consumers\/odr\" target=\"_blank\" rel=\"noopener\">https:\/\/ec.europa.eu\/consumers\/odr<\/a>.<br \/>Unsere E-Mail-Adresse finden Sie oben im Impressum.<\/p><p>Wir sind nicht bereit oder verpflichtet, an Streitbeilegungsverfahren vor einer Verbraucherschlichtungsstelle teilzunehmen.<\/p><h3>Haftung f\u00fcr Inhalte<\/h3><p>Als Diensteanbieter sind wir gem\u00e4\u00df \u00a7 7 Abs.1 TMG f\u00fcr eigene Inhalte auf diesen Seiten nach den allgemeinen Gesetzen verantwortlich. Nach \u00a7\u00a7 8 bis 10 TMG sind wir als Diensteanbieter jedoch nicht verpflichtet, \u00fcbermittelte oder gespeicherte fremde Informationen zu \u00fcberwachen oder nach Umst\u00e4nden zu forschen, die auf eine rechtswidrige T\u00e4tigkeit hinweisen.<\/p><p>Verpflichtungen zur Entfernung oder Sperrung der Nutzung von Informationen nach den allgemeinen Gesetzen bleiben hiervon unber\u00fchrt. Eine diesbez\u00fcgliche Haftung ist jedoch erst ab dem Zeitpunkt der Kenntnis einer konkreten Rechtsverletzung m\u00f6glich. Bei Bekanntwerden von entsprechenden Rechtsverletzungen werden wir diese Inhalte umgehend entfernen.<\/p><h3>Haftung f\u00fcr Links<\/h3><p>Unser Angebot enth\u00e4lt Links zu externen Websites Dritter, auf deren Inhalte wir keinen Einfluss haben. Deshalb k\u00f6nnen wir f\u00fcr diese fremden Inhalte auch keine Gew\u00e4hr \u00fcbernehmen. F\u00fcr die Inhalte der verlinkten Seiten ist stets der jeweilige Anbieter oder Betreiber der Seiten verantwortlich. Die verlinkten Seiten wurden zum Zeitpunkt der Verlinkung auf m\u00f6gliche Rechtsverst\u00f6\u00dfe \u00fcberpr\u00fcft. Rechtswidrige Inhalte waren zum Zeitpunkt der Verlinkung nicht erkennbar.<\/p><p>Eine permanente inhaltliche Kontrolle der verlinkten Seiten ist jedoch ohne konkrete Anhaltspunkte einer Rechtsverletzung nicht zumutbar. Bei Bekanntwerden von Rechtsverletzungen werden wir derartige Links umgehend entfernen.<\/p><h3>Urheberrecht<\/h3><p>Die durch die Seitenbetreiber erstellten Inhalte und Werke auf diesen Seiten unterliegen dem deutschen Urheberrecht. Die Vervielf\u00e4ltigung, Bearbeitung, Verbreitung und jede Art der Verwertung au\u00dferhalb der Grenzen des Urheberrechtes bed\u00fcrfen der schriftlichen Zustimmung des jeweiligen Autors bzw. Erstellers. Downloads und Kopien dieser Seite sind nur f\u00fcr den privaten, nicht kommerziellen Gebrauch gestattet.<\/p><p>Soweit die Inhalte auf dieser Seite nicht vom Betreiber erstellt wurden, werden die Urheberrechte Dritter beachtet. Insbesondere werden Inhalte Dritter als solche gekennzeichnet. Sollten Sie trotzdem auf eine Urheberrechtsverletzung aufmerksam werden, bitten wir um einen entsprechenden Hinweis. Bei Bekanntwerden von Rechtsverletzungen werden wir derartige Inhalte umgehend entfernen.<\/p>\t\t\t\t\t\t\t\t<\/div>\n\t\t\t\t<\/div>\n\t\t\t\t\t<\/div>\n\t\t<\/div>\n\t\t\t\t<div class=\"elementor-column elementor-col-50 elementor-inner-column elementor-element elementor-element-e7e6925\" data-id=\"e7e6925\" data-element_type=\"column\">\n\t\t\t<div class=\"elementor-widget-wrap elementor-element-populated\">\n\t\t\t\t\t\t<div class=\"elementor-element elementor-element-0a52c5b elementor-widget elementor-widget-text-editor\" data-id=\"0a52c5b\" data-element_type=\"widget\" data-widget_type=\"text-editor.default\">\n\t\t\t\t<div class=\"elementor-widget-container\">\n\t\t\t\t\t\t\t\t\t<p>ME-LE Energietechnik GmbH<br><strong>Bereich Rohrleitungsbau<\/strong><br>Hansestra\u00dfe 21<br>18182 Bentwisch<\/p>\n<p><strong>Vertreten durch:<br><\/strong>Dietrich Lehmann<\/p>\n<p><strong>Kontakt:<\/strong><\/p>\n<p>Ansprechpartner: Matthias Rose<br>Telefon: 0381\/202 604 14<br>Fax: 0381\/202 604 16<br>E-mail: <a title=\"email\" href=\"mailto:m.rose@me-le.de\" rel=\"alternate\">m.rose@me-le.de<\/a><\/p>\n<p><strong>Registereintrag:<\/strong><\/p>\n<p>Eintragung im Handelsregister. <br>Registergericht:Amtsgericht Neubrandenburg <br>Registernummer: HRB 4011<\/p>\n<p><strong>Umsatzsteuer-ID:<\/strong><\/p>\n<p>Umsatzsteuer-Identifikationsnummer gem\u00e4\u00df \u00a727 a Umsatzsteuergesetz:<br>DE284663980<\/p>\n<p><strong>Website von:<br><\/strong>Benjamin Simmrow<br><a title=\"inventmedia\" href=\"http:\/\/www.inventmedia.de\" target=\"_blank\" rel=\"noopener\">inventmedia<\/a><\/p>\n<p><strong>Quellenangaben f\u00fcr die verwendeten Bilder und Grafiken:<\/strong><\/p>\n<p>6721454 \u00a9 by kadmy &#8211; canstockphoto<br>5329955 \u00a9 canstockphoto<br>5408909 \u00a9 saldahnae auf Pixabay<br>11222734 \u00a9 by nevodka canstock<\/p>\t\t\t\t\t\t\t\t<\/div>\n\t\t\t\t<\/div>\n\t\t\t\t\t<\/div>\n\t\t<\/div>\n\t\t\t\t\t<\/div>\n\t\t<\/section>\n\t\t\t\t<div class=\"elementor-element elementor-element-7eca27b elementor-widget elementor-widget-spacer\" data-id=\"7eca27b\" data-element_type=\"widget\" data-widget_type=\"spacer.default\">\n\t\t\t\t<div class=\"elementor-widget-container\">\n\t\t\t\t\t\t\t<div class=\"elementor-spacer\">\n\t\t\t<div class=\"elementor-spacer-inner\"><\/div>\n\t\t<\/div>\n\t\t\t\t\t\t<\/div>\n\t\t\t\t<\/div>\n\t\t\t\t\t<\/div>\n\t\t<\/div>\n\t\t\t\t\t<\/div>\n\t\t<\/section>\n\t\t\t\t<\/div>\n\t\t","protected":false},"excerpt":{"rendered":"<p>Streitschlichtung Die Europ\u00e4ische Kommission stellt eine Plattform zur Online-Streitbeilegung (OS) bereit: https:\/\/ec.europa.eu\/consumers\/odr.Unsere E-Mail-Adresse finden Sie oben im Impressum. Wir sind nicht bereit oder verpflichtet, an Streitbeilegungsverfahren vor einer Verbraucherschlichtungsstelle teilzunehmen. Haftung f\u00fcr Inhalte Als Diensteanbieter sind wir gem\u00e4\u00df \u00a7 7 Abs.1 TMG f\u00fcr eigene Inhalte auf diesen Seiten nach den allgemeinen Gesetzen verantwortlich. Nach \u00a7\u00a7 [&hellip;]<\/p>\n","protected":false},"author":2,"featured_media":0,"parent":0,"menu_order":0,"comment_status":"closed","ping_status":"closed","template":"","meta":{"footnotes":""},"class_list":["post-49","page","type-page","status-publish","hentry"],"yoast_head":"<!-- This site is optimized with the Yoast SEO plugin v26.4 - https:\/\/yoast.com\/wordpress\/plugins\/seo\/ -->\n<title>Impressum - mele Energietechnik - Abteilung Rohrleitungsbau<\/title>\n<meta name=\"robots\" content=\"noindex, follow, max-snippet:-1, max-image-preview:large, max-video-preview:-1\" \/>\n<meta property=\"og:locale\" content=\"de_DE\" \/>\n<meta property=\"og:type\" content=\"article\" \/>\n<meta property=\"og:title\" content=\"Impressum - mele Energietechnik - Abteilung Rohrleitungsbau\" \/>\n<meta property=\"og:description\" content=\"Streitschlichtung Die Europ\u00e4ische Kommission stellt eine Plattform zur Online-Streitbeilegung (OS) bereit: https:\/\/ec.europa.eu\/consumers\/odr.Unsere E-Mail-Adresse finden Sie oben im Impressum. Wir sind nicht bereit oder verpflichtet, an Streitbeilegungsverfahren vor einer Verbraucherschlichtungsstelle teilzunehmen. Haftung f\u00fcr Inhalte Als Diensteanbieter sind wir gem\u00e4\u00df \u00a7 7 Abs.1 TMG f\u00fcr eigene Inhalte auf diesen Seiten nach den allgemeinen Gesetzen verantwortlich. Nach \u00a7\u00a7 [&hellip;]\" \/>\n<meta property=\"og:url\" content=\"https:\/\/mele.de\/rohrleitungsbau\/impressum\/\" \/>\n<meta property=\"og:site_name\" content=\"mele Energietechnik - Abteilung Rohrleitungsbau\" \/>\n<meta property=\"article:modified_time\" content=\"2022-02-23T12:19:21+00:00\" \/>\n<meta name=\"twitter:card\" content=\"summary_large_image\" \/>\n<meta name=\"twitter:label1\" content=\"Gesch\u00e4tzte Lesezeit\" \/>\n\t<meta name=\"twitter:data1\" content=\"3\u00a0Minuten\" \/>\n<script type=\"application\/ld+json\" class=\"yoast-schema-graph\">{\"@context\":\"https:\/\/schema.org\",\"@graph\":[{\"@type\":\"WebPage\",\"@id\":\"https:\/\/mele.de\/rohrleitungsbau\/impressum\/\",\"url\":\"https:\/\/mele.de\/rohrleitungsbau\/impressum\/\",\"name\":\"Impressum - mele Energietechnik - Abteilung Rohrleitungsbau\",\"isPartOf\":{\"@id\":\"https:\/\/mele.de\/rohrleitungsbau\/#website\"},\"datePublished\":\"2022-02-08T09:48:46+00:00\",\"dateModified\":\"2022-02-23T12:19:21+00:00\",\"breadcrumb\":{\"@id\":\"https:\/\/mele.de\/rohrleitungsbau\/impressum\/#breadcrumb\"},\"inLanguage\":\"de\",\"potentialAction\":[{\"@type\":\"ReadAction\",\"target\":[\"https:\/\/mele.de\/rohrleitungsbau\/impressum\/\"]}]},{\"@type\":\"BreadcrumbList\",\"@id\":\"https:\/\/mele.de\/rohrleitungsbau\/impressum\/#breadcrumb\",\"itemListElement\":[{\"@type\":\"ListItem\",\"position\":1,\"name\":\"Startseite\",\"item\":\"https:\/\/mele.de\/rohrleitungsbau\/\"},{\"@type\":\"ListItem\",\"position\":2,\"name\":\"Impressum\"}]},{\"@type\":\"WebSite\",\"@id\":\"https:\/\/mele.de\/rohrleitungsbau\/#website\",\"url\":\"https:\/\/mele.de\/rohrleitungsbau\/\",\"name\":\"mele Energietechnik - Abteilung Rohrleitungsbau\",\"description\":\"\",\"publisher\":{\"@id\":\"https:\/\/mele.de\/rohrleitungsbau\/#organization\"},\"potentialAction\":[{\"@type\":\"SearchAction\",\"target\":{\"@type\":\"EntryPoint\",\"urlTemplate\":\"https:\/\/mele.de\/rohrleitungsbau\/?s={search_term_string}\"},\"query-input\":{\"@type\":\"PropertyValueSpecification\",\"valueRequired\":true,\"valueName\":\"search_term_string\"}}],\"inLanguage\":\"de\"},{\"@type\":\"Organization\",\"@id\":\"https:\/\/mele.de\/rohrleitungsbau\/#organization\",\"name\":\"Walther & Partner - Ingenieurb\u00fcro f\u00fcr Haus- und Versorgungstechnik GmbH\",\"url\":\"https:\/\/mele.de\/rohrleitungsbau\/\",\"logo\":{\"@type\":\"ImageObject\",\"inLanguage\":\"de\",\"@id\":\"https:\/\/mele.de\/rohrleitungsbau\/#\/schema\/logo\/image\/\",\"url\":\"https:\/\/www.rohrleitungsbau.me-le.de\/wp\/wp-content\/uploads\/2022\/02\/wp_logo.png\",\"contentUrl\":\"https:\/\/www.rohrleitungsbau.me-le.de\/wp\/wp-content\/uploads\/2022\/02\/wp_logo.png\",\"width\":354,\"height\":107,\"caption\":\"Walther & Partner - Ingenieurb\u00fcro f\u00fcr Haus- und Versorgungstechnik GmbH\"},\"image\":{\"@id\":\"https:\/\/mele.de\/rohrleitungsbau\/#\/schema\/logo\/image\/\"}}]}<\/script>\n<!-- \/ Yoast SEO plugin. -->","yoast_head_json":{"title":"Impressum - mele Energietechnik - Abteilung Rohrleitungsbau","robots":{"index":"noindex","follow":"follow","max-snippet":"max-snippet:-1","max-image-preview":"max-image-preview:large","max-video-preview":"max-video-preview:-1"},"og_locale":"de_DE","og_type":"article","og_title":"Impressum - mele Energietechnik - Abteilung Rohrleitungsbau","og_description":"Streitschlichtung Die Europ\u00e4ische Kommission stellt eine Plattform zur Online-Streitbeilegung (OS) bereit: https:\/\/ec.europa.eu\/consumers\/odr.Unsere E-Mail-Adresse finden Sie oben im Impressum. Wir sind nicht bereit oder verpflichtet, an Streitbeilegungsverfahren vor einer Verbraucherschlichtungsstelle teilzunehmen. Haftung f\u00fcr Inhalte Als Diensteanbieter sind wir gem\u00e4\u00df \u00a7 7 Abs.1 TMG f\u00fcr eigene Inhalte auf diesen Seiten nach den allgemeinen Gesetzen verantwortlich. Nach \u00a7\u00a7 [&hellip;]","og_url":"https:\/\/mele.de\/rohrleitungsbau\/impressum\/","og_site_name":"mele Energietechnik - Abteilung Rohrleitungsbau","article_modified_time":"2022-02-23T12:19:21+00:00","twitter_card":"summary_large_image","twitter_misc":{"Gesch\u00e4tzte Lesezeit":"3\u00a0Minuten"},"schema":{"@context":"https:\/\/schema.org","@graph":[{"@type":"WebPage","@id":"https:\/\/mele.de\/rohrleitungsbau\/impressum\/","url":"https:\/\/mele.de\/rohrleitungsbau\/impressum\/","name":"Impressum - mele Energietechnik - Abteilung Rohrleitungsbau","isPartOf":{"@id":"https:\/\/mele.de\/rohrleitungsbau\/#website"},"datePublished":"2022-02-08T09:48:46+00:00","dateModified":"2022-02-23T12:19:21+00:00","breadcrumb":{"@id":"https:\/\/mele.de\/rohrleitungsbau\/impressum\/#breadcrumb"},"inLanguage":"de","potentialAction":[{"@type":"ReadAction","target":["https:\/\/mele.de\/rohrleitungsbau\/impressum\/"]}]},{"@type":"BreadcrumbList","@id":"https:\/\/mele.de\/rohrleitungsbau\/impressum\/#breadcrumb","itemListElement":[{"@type":"ListItem","position":1,"name":"Startseite","item":"https:\/\/mele.de\/rohrleitungsbau\/"},{"@type":"ListItem","position":2,"name":"Impressum"}]},{"@type":"WebSite","@id":"https:\/\/mele.de\/rohrleitungsbau\/#website","url":"https:\/\/mele.de\/rohrleitungsbau\/","name":"mele Energietechnik - Abteilung Rohrleitungsbau","description":"","publisher":{"@id":"https:\/\/mele.de\/rohrleitungsbau\/#organization"},"potentialAction":[{"@type":"SearchAction","target":{"@type":"EntryPoint","urlTemplate":"https:\/\/mele.de\/rohrleitungsbau\/?s={search_term_string}"},"query-input":{"@type":"PropertyValueSpecification","valueRequired":true,"valueName":"search_term_string"}}],"inLanguage":"de"},{"@type":"Organization","@id":"https:\/\/mele.de\/rohrleitungsbau\/#organization","name":"Walther & Partner - Ingenieurb\u00fcro f\u00fcr Haus- und Versorgungstechnik GmbH","url":"https:\/\/mele.de\/rohrleitungsbau\/","logo":{"@type":"ImageObject","inLanguage":"de","@id":"https:\/\/mele.de\/rohrleitungsbau\/#\/schema\/logo\/image\/","url":"https:\/\/www.rohrleitungsbau.me-le.de\/wp\/wp-content\/uploads\/2022\/02\/wp_logo.png","contentUrl":"https:\/\/www.rohrleitungsbau.me-le.de\/wp\/wp-content\/uploads\/2022\/02\/wp_logo.png","width":354,"height":107,"caption":"Walther & Partner - Ingenieurb\u00fcro f\u00fcr Haus- und Versorgungstechnik GmbH"},"image":{"@id":"https:\/\/mele.de\/rohrleitungsbau\/#\/schema\/logo\/image\/"}}]}},"_links":{"self":[{"href":"https:\/\/mele.de\/rohrleitungsbau\/wp-json\/wp\/v2\/pages\/49","targetHints":{"allow":["GET"]}}],"collection":[{"href":"https:\/\/mele.de\/rohrleitungsbau\/wp-json\/wp\/v2\/pages"}],"about":[{"href":"https:\/\/mele.de\/rohrleitungsbau\/wp-json\/wp\/v2\/types\/page"}],"author":[{"embeddable":true,"href":"https:\/\/mele.de\/rohrleitungsbau\/wp-json\/wp\/v2\/users\/2"}],"replies":[{"embeddable":true,"href":"https:\/\/mele.de\/rohrleitungsbau\/wp-json\/wp\/v2\/comments?post=49"}],"version-history":[{"count":0,"href":"https:\/\/mele.de\/rohrleitungsbau\/wp-json\/wp\/v2\/pages\/49\/revisions"}],"wp:attachment":[{"href":"https:\/\/mele.de\/rohrleitungsbau\/wp-json\/wp\/v2\/media?parent=49"}],"curies":[{"name":"wp","href":"https:\/\/api.w.org\/{rel}","templated":true}]}}