{"id":2394,"date":"2019-04-04T13:24:38","date_gmt":"2019-04-04T11:24:38","guid":{"rendered":"http:\/\/web1139.server.inventmedia.de\/wp_2019\/?page_id=2394"},"modified":"2026-03-18T16:47:41","modified_gmt":"2026-03-18T15:47:41","slug":"home-pl","status":"publish","type":"page","link":"https:\/\/mele.de\/pl\/","title":{"rendered":"Home"},"content":{"rendered":"","protected":false},"excerpt":{"rendered":"","protected":false},"author":1,"featured_media":0,"parent":0,"menu_order":0,"comment_status":"closed","ping_status":"closed","template":"","meta":{"footnotes":""},"class_list":["post-2394","page","type-page","status-publish","hentry"],"yoast_head":"<!-- This site is optimized with the Yoast SEO plugin v27.3 - https:\/\/yoast.com\/product\/yoast-seo-wordpress\/ -->\n<title>mele - Jako\u015b\u0107 \u0142\u0105czy<\/title>\n<meta name=\"description\" content=\"Mele\u00ae od prawie 30 lat jeste\u015bmy oficjalnym partnerem w zakresie podstawowej opieki i jako\u015bci \u017cycia.\" \/>\n<meta name=\"robots\" content=\"index, follow, max-snippet:-1, max-image-preview:large, max-video-preview:-1\" \/>\n<link rel=\"canonical\" href=\"https:\/\/mele.de\/pl\/\" \/>\n<meta property=\"og:locale\" content=\"pl_PL\" \/>\n<meta property=\"og:type\" content=\"article\" \/>\n<meta property=\"og:title\" content=\"mele - Jako\u015b\u0107 \u0142\u0105czy\" \/>\n<meta property=\"og:description\" content=\"Mele\u00ae od prawie 30 lat jeste\u015bmy oficjalnym partnerem w zakresie podstawowej opieki i jako\u015bci \u017cycia.\" \/>\n<meta property=\"og:url\" content=\"https:\/\/mele.de\/pl\/\" \/>\n<meta property=\"og:site_name\" content=\"mele\" \/>\n<meta property=\"article:modified_time\" content=\"2026-03-18T15:47:41+00:00\" \/>\n<meta property=\"og:image\" content=\"https:\/\/mele.de\/wp-content\/uploads\/2019\/03\/me-le-home.jpg\" \/>\n\t<meta property=\"og:image:width\" content=\"2556\" \/>\n\t<meta property=\"og:image:height\" content=\"1398\" \/>\n\t<meta property=\"og:image:type\" content=\"image\/jpeg\" \/>\n<meta name=\"twitter:card\" content=\"summary_large_image\" \/>\n<script type=\"application\/ld+json\" class=\"yoast-schema-graph\">{\"@context\":\"https:\\\/\\\/schema.org\",\"@graph\":[{\"@type\":\"WebPage\",\"@id\":\"https:\\\/\\\/mele.de\\\/pl\\\/\",\"url\":\"https:\\\/\\\/mele.de\\\/pl\\\/\",\"name\":\"mele - Jako\u015b\u0107 \u0142\u0105czy\",\"isPartOf\":{\"@id\":\"https:\\\/\\\/mele.de\\\/pl\\\/#website\"},\"datePublished\":\"2019-04-04T11:24:38+00:00\",\"dateModified\":\"2026-03-18T15:47:41+00:00\",\"description\":\"Mele\u00ae od prawie 30 lat jeste\u015bmy oficjalnym partnerem w zakresie podstawowej opieki i jako\u015bci \u017cycia.\",\"breadcrumb\":{\"@id\":\"https:\\\/\\\/mele.de\\\/pl\\\/#breadcrumb\"},\"inLanguage\":\"pl-PL\",\"potentialAction\":[{\"@type\":\"ReadAction\",\"target\":[\"https:\\\/\\\/mele.de\\\/pl\\\/\"]}]},{\"@type\":\"BreadcrumbList\",\"@id\":\"https:\\\/\\\/mele.de\\\/pl\\\/#breadcrumb\",\"itemListElement\":[{\"@type\":\"ListItem\",\"position\":1,\"name\":\"Startseite\",\"item\":\"https:\\\/\\\/mele.de\\\/pl\\\/home-pl\\\/\"},{\"@type\":\"ListItem\",\"position\":2,\"name\":\"Home\"}]},{\"@type\":\"WebSite\",\"@id\":\"https:\\\/\\\/mele.de\\\/pl\\\/#website\",\"url\":\"https:\\\/\\\/mele.de\\\/pl\\\/\",\"name\":\"mele\",\"description\":\"Jako\u015b\u0107 \u0142\u0105czy\",\"publisher\":{\"@id\":\"https:\\\/\\\/mele.de\\\/pl\\\/#organization\"},\"potentialAction\":[{\"@type\":\"SearchAction\",\"target\":{\"@type\":\"EntryPoint\",\"urlTemplate\":\"https:\\\/\\\/mele.de\\\/pl\\\/?s={search_term_string}\"},\"query-input\":{\"@type\":\"PropertyValueSpecification\",\"valueRequired\":true,\"valueName\":\"search_term_string\"}}],\"inLanguage\":\"pl-PL\"},{\"@type\":\"Organization\",\"@id\":\"https:\\\/\\\/mele.de\\\/pl\\\/#organization\",\"name\":\"mele\u00ae Unternehmensgruppe\",\"url\":\"https:\\\/\\\/mele.de\\\/pl\\\/\",\"logo\":{\"@type\":\"ImageObject\",\"inLanguage\":\"pl-PL\",\"@id\":\"https:\\\/\\\/mele.de\\\/pl\\\/#\\\/schema\\\/logo\\\/image\\\/\",\"url\":\"https:\\\/\\\/mele.de\\\/wp-content\\\/uploads\\\/2019\\\/03\\\/logo.png\",\"contentUrl\":\"https:\\\/\\\/mele.de\\\/wp-content\\\/uploads\\\/2019\\\/03\\\/logo.png\",\"width\":300,\"height\":147,\"caption\":\"mele\u00ae Unternehmensgruppe\"},\"image\":{\"@id\":\"https:\\\/\\\/mele.de\\\/pl\\\/#\\\/schema\\\/logo\\\/image\\\/\"}}]}<\/script>\n<!-- \/ Yoast SEO plugin. -->","yoast_head_json":{"title":"mele - Jako\u015b\u0107 \u0142\u0105czy","description":"Mele\u00ae od prawie 30 lat jeste\u015bmy oficjalnym partnerem w zakresie podstawowej opieki i jako\u015bci \u017cycia.","robots":{"index":"index","follow":"follow","max-snippet":"max-snippet:-1","max-image-preview":"max-image-preview:large","max-video-preview":"max-video-preview:-1"},"canonical":"https:\/\/mele.de\/pl\/","og_locale":"pl_PL","og_type":"article","og_title":"mele - Jako\u015b\u0107 \u0142\u0105czy","og_description":"Mele\u00ae od prawie 30 lat jeste\u015bmy oficjalnym partnerem w zakresie podstawowej opieki i jako\u015bci \u017cycia.","og_url":"https:\/\/mele.de\/pl\/","og_site_name":"mele","article_modified_time":"2026-03-18T15:47:41+00:00","og_image":[{"width":2556,"height":1398,"url":"https:\/\/mele.de\/wp-content\/uploads\/2019\/03\/me-le-home.jpg","type":"image\/jpeg"}],"twitter_card":"summary_large_image","schema":{"@context":"https:\/\/schema.org","@graph":[{"@type":"WebPage","@id":"https:\/\/mele.de\/pl\/","url":"https:\/\/mele.de\/pl\/","name":"mele - Jako\u015b\u0107 \u0142\u0105czy","isPartOf":{"@id":"https:\/\/mele.de\/pl\/#website"},"datePublished":"2019-04-04T11:24:38+00:00","dateModified":"2026-03-18T15:47:41+00:00","description":"Mele\u00ae od prawie 30 lat jeste\u015bmy oficjalnym partnerem w zakresie podstawowej opieki i jako\u015bci \u017cycia.","breadcrumb":{"@id":"https:\/\/mele.de\/pl\/#breadcrumb"},"inLanguage":"pl-PL","potentialAction":[{"@type":"ReadAction","target":["https:\/\/mele.de\/pl\/"]}]},{"@type":"BreadcrumbList","@id":"https:\/\/mele.de\/pl\/#breadcrumb","itemListElement":[{"@type":"ListItem","position":1,"name":"Startseite","item":"https:\/\/mele.de\/pl\/home-pl\/"},{"@type":"ListItem","position":2,"name":"Home"}]},{"@type":"WebSite","@id":"https:\/\/mele.de\/pl\/#website","url":"https:\/\/mele.de\/pl\/","name":"mele","description":"Jako\u015b\u0107 \u0142\u0105czy","publisher":{"@id":"https:\/\/mele.de\/pl\/#organization"},"potentialAction":[{"@type":"SearchAction","target":{"@type":"EntryPoint","urlTemplate":"https:\/\/mele.de\/pl\/?s={search_term_string}"},"query-input":{"@type":"PropertyValueSpecification","valueRequired":true,"valueName":"search_term_string"}}],"inLanguage":"pl-PL"},{"@type":"Organization","@id":"https:\/\/mele.de\/pl\/#organization","name":"mele\u00ae Unternehmensgruppe","url":"https:\/\/mele.de\/pl\/","logo":{"@type":"ImageObject","inLanguage":"pl-PL","@id":"https:\/\/mele.de\/pl\/#\/schema\/logo\/image\/","url":"https:\/\/mele.de\/wp-content\/uploads\/2019\/03\/logo.png","contentUrl":"https:\/\/mele.de\/wp-content\/uploads\/2019\/03\/logo.png","width":300,"height":147,"caption":"mele\u00ae Unternehmensgruppe"},"image":{"@id":"https:\/\/mele.de\/pl\/#\/schema\/logo\/image\/"}}]}},"_links":{"self":[{"href":"https:\/\/mele.de\/pl\/wp-json\/wp\/v2\/pages\/2394","targetHints":{"allow":["GET"]}}],"collection":[{"href":"https:\/\/mele.de\/pl\/wp-json\/wp\/v2\/pages"}],"about":[{"href":"https:\/\/mele.de\/pl\/wp-json\/wp\/v2\/types\/page"}],"author":[{"embeddable":true,"href":"https:\/\/mele.de\/pl\/wp-json\/wp\/v2\/users\/1"}],"replies":[{"embeddable":true,"href":"https:\/\/mele.de\/pl\/wp-json\/wp\/v2\/comments?post=2394"}],"version-history":[{"count":1,"href":"https:\/\/mele.de\/pl\/wp-json\/wp\/v2\/pages\/2394\/revisions"}],"predecessor-version":[{"id":5200,"href":"https:\/\/mele.de\/pl\/wp-json\/wp\/v2\/pages\/2394\/revisions\/5200"}],"wp:attachment":[{"href":"https:\/\/mele.de\/pl\/wp-json\/wp\/v2\/media?parent=2394"}],"curies":[{"name":"wp","href":"https:\/\/api.w.org\/{rel}","templated":true}]}}